{"id":12,"date":"2021-02-15T15:46:10","date_gmt":"2021-02-15T14:46:10","guid":{"rendered":"http:\/\/www.agme.be\/?page_id=12"},"modified":"2026-01-06T18:01:07","modified_gmt":"2026-01-06T17:01:07","slug":"objet","status":"publish","type":"page","link":"https:\/\/www.agme.be\/index.php\/objet\/","title":{"rendered":"Objet"},"content":{"rendered":"\n<p><mark style=\"background-color:rgba(0, 0, 0, 0)\" class=\"has-inline-color has-vivid-cyan-blue-color\">Si\u00e8ge social<\/mark><br>Chauss\u00e9e de Renaix, 39, 7500 TOURNAI<\/p>\n\n\n\n<p><mark style=\"background-color:rgba(0, 0, 0, 0)\" class=\"has-inline-color has-vivid-cyan-blue-color\">Objet de l&rsquo;AGME<\/mark><\/p>\n\n\n\n<p>Dans le cadre d&rsquo;une m\u00e9decine libre et ind\u00e9pendante, l&rsquo;Association des G\u00e9n\u00e9ralistes de Mouscron-Estaimpuis a regroup\u00e9 progressivement les diff\u00e9rents r\u00f4les de garde des m\u00e9decins g\u00e9n\u00e9ralistes de la r\u00e9gion pour n&rsquo;en faire plus qu&rsquo;un depuis 2011.<\/p>\n\n\n\n<p>Ce regroupement a notamment les objectifs suivants :<\/p>\n\n\n\n<figure class=\"wp-block-table is-style-stripes\"><table><tbody><tr><td>&#8211; coordonner et d\u00e9fendre les int\u00e9r\u00eats professionnels des M\u00e9decins G\u00e9n\u00e9ralistes de Mouscron-Estaimpuis ;<br><br>&#8211; assurer l&rsquo;ind\u00e9pendance de la profession \u00e0 l&rsquo;\u00e9gard des autres interlocuteurs m\u00e9dicaux, sociaux et institutionnels ;<br><br>&#8211; informer l&rsquo;ensemble des r\u00f4les de garde des exp\u00e9riences v\u00e9cues et\/ou des projets envisag\u00e9s par certains d&rsquo;entre eux ;<br><br>&#8211; grouper, uniformiser et repr\u00e9senter les souhaits ainsi que les d\u00e9cisions des divers groupes de l&rsquo;Association, en concertation avec la Soci\u00e9t\u00e9 de M\u00e9decine de Mouscron, le Conseil Provincial de l&rsquo;Ordre des M\u00e9decins du Hainaut, la Commission M\u00e9dicale Provinciale , les Organisations Syndicales de M\u00e9decins, les H\u00f4pitaux r\u00e9gionaux et les responsables de leur F\u00e9d\u00e9ration, La Soci\u00e9t\u00e9 Scientifique de M\u00e9decine G\u00e9n\u00e9rale, et les autorit\u00e9s communales ou politiques concern\u00e9es, le Pouvoir r\u00e9gional ou Communautaire ou f\u00e9d\u00e9ral, et ce dans le respect des int\u00e9r\u00eats de tout le corps m\u00e9dical ;<br><br>&#8211; d\u00e9velopper et favoriser l&rsquo;entente et la communication entre les membres de l&rsquo;Association dans le cadre de relations de confraternit\u00e9 et de loyaut\u00e9 ;<br><br>&#8211; veiller au respect des r\u00e8gles \u00e9l\u00e9mentaires de d\u00e9ontologie m\u00e9dicale ;<br><br>&#8211; poursuivre et veiller \u00e0 procurer \u00e0 la population de la r\u00e9gion de Mouscron-Estaimpuis un service de soins de qualit\u00e9 , veiller en faveur de cette population \u00e0 l&rsquo;organisation d&rsquo;un service de garde optimal (pr\u00e9cis\u00e9e dans le r\u00e8glement d&rsquo;ordre int\u00e9rieur) , d&rsquo;une politique de sant\u00e9 locale et assurer une coordination efficace entre les diff\u00e9rents intervenants m\u00e9dicaux, param\u00e9dicaux et hospitaliers .<\/td><\/tr><\/tbody><\/table><\/figure>\n\n\n\n<figure class=\"wp-block-table is-style-stripes\"><table><tbody><tr><td><br>L&rsquo;Association des G\u00e9n\u00e9ralistes de Mouscron-Estaimpuis peut accomplir tous les actes se rapportant directement ou indirectement \u00e0 son objet.<br><br>Elle peut notamment pr\u00eater son concours et s&rsquo;int\u00e9resser \u00e0 toute activit\u00e9 similaire \u00e0 la sienne.<br><br>L&rsquo;Association ( l&rsquo;AGME ) n&rsquo;a pas pour objet de faire double emploi avec des r\u00e9alisations existantes auxquelles participent activement ses membres , lesquels sont garants de la politique g\u00e9n\u00e9rale de l&rsquo;Association.<br><br><br><br>Composition de l&rsquo;Assembl\u00e9e G\u00e9n\u00e9rale<br>L&rsquo;Assembl\u00e9e G\u00e9n\u00e9rale de l&rsquo;Association (l&rsquo;AGME) est compos\u00e9e de tous les m\u00e9decins g\u00e9n\u00e9ralistes membres de l&rsquo;AGME.<br><br>Elle est pr\u00e9sid\u00e9e par le Pr\u00e9sident du Conseil d&rsquo;Administration.<br><br><br>Administrateurs<br>L&rsquo;assembl\u00e9e g\u00e9n\u00e9rale du 07.06.2023 a d\u00e9sign\u00e9 comme administrateurs qui acceptent ce mandat :<br><br>Dr. Bastien de Reuse<br>Dr. Jules Mouliom<br>Dr. Armand Tchatchoua<br>Dr. In\u00e8s Triki<br><br>Pr\u00e9sident : &#8211; Dr. Bastien de Reuse<br>Responsable gardes et PMG : &#8211;  Dr. Armand Tchatchoua<br>Secr\u00e9taire : &#8211; Dr. In\u00e8s Triki<br>Tr\u00e9sorier : &#8211; Dr. Jules Mouliom<br><\/td><\/tr><\/tbody><\/table><\/figure>\n\n\n\n<p><\/p>\n","protected":false},"excerpt":{"rendered":"<p>Si\u00e8ge socialChauss\u00e9e de Renaix, 39, 7500 TOURNAI Objet de l&rsquo;AGME Dans le cadre d&rsquo;une m\u00e9decine libre et ind\u00e9pendante, l&rsquo;Association des G\u00e9n\u00e9ralistes de Mouscron-Estaimpuis a regroup\u00e9 progressivement les diff\u00e9rents r\u00f4les de garde des m\u00e9decins g\u00e9n\u00e9ralistes de la r\u00e9gion pour n&rsquo;en faire plus qu&rsquo;un depuis 2011. Ce regroupement a notamment les objectifs suivants : &#8211; coordonner et &hellip; <\/p>\n<p class=\"link-more\"><a href=\"https:\/\/www.agme.be\/index.php\/objet\/\" class=\"more-link\">Continuer la lecture<span class=\"screen-reader-text\"> de &laquo;&nbsp;Objet&nbsp;&raquo;<\/span><\/a><\/p>\n","protected":false},"author":1,"featured_media":0,"parent":0,"menu_order":0,"comment_status":"closed","ping_status":"closed","template":"","meta":{"footnotes":""},"class_list":["post-12","page","type-page","status-publish","hentry"],"_links":{"self":[{"href":"https:\/\/www.agme.be\/index.php\/wp-json\/wp\/v2\/pages\/12","targetHints":{"allow":["GET"]}}],"collection":[{"href":"https:\/\/www.agme.be\/index.php\/wp-json\/wp\/v2\/pages"}],"about":[{"href":"https:\/\/www.agme.be\/index.php\/wp-json\/wp\/v2\/types\/page"}],"author":[{"embeddable":true,"href":"https:\/\/www.agme.be\/index.php\/wp-json\/wp\/v2\/users\/1"}],"replies":[{"embeddable":true,"href":"https:\/\/www.agme.be\/index.php\/wp-json\/wp\/v2\/comments?post=12"}],"version-history":[{"count":8,"href":"https:\/\/www.agme.be\/index.php\/wp-json\/wp\/v2\/pages\/12\/revisions"}],"predecessor-version":[{"id":514,"href":"https:\/\/www.agme.be\/index.php\/wp-json\/wp\/v2\/pages\/12\/revisions\/514"}],"wp:attachment":[{"href":"https:\/\/www.agme.be\/index.php\/wp-json\/wp\/v2\/media?parent=12"}],"curies":[{"name":"wp","href":"https:\/\/api.w.org\/{rel}","templated":true}]}}