{"id":16,"date":"2021-02-15T15:46:10","date_gmt":"2021-02-15T14:46:10","guid":{"rendered":"http:\/\/www.agme.be\/?page_id=16"},"modified":"2021-02-20T23:22:16","modified_gmt":"2021-02-20T22:22:16","slug":"accueil","status":"publish","type":"page","link":"https:\/\/www.agme.be\/","title":{"rendered":"Accueil"},"content":{"rendered":"\n<p>L&rsquo;objectif principal de notre association \u00e9tait au d\u00e9part de regrouper les diff\u00e9rents r\u00f4les de garde des m\u00e9decins g\u00e9n\u00e9ralistes de la r\u00e9gion: Mouscron, Luingne, Dottignies, Herseaux et Estaimpuis. Depuis 2011, c&rsquo;est chose faite.<br><br><br>Gr\u00e2ce \u00e0 ce site internet, les membres peuvent directement visualiser le r\u00f4le de garde, et ce en ligne.<br><br>Ainsi, tous les m\u00e9decins de la r\u00e9gion peuvent s&rsquo;informer sur les derni\u00e8res mises \u00e0 jour des diff\u00e9rentes gardes.<br><br><br>Si vous souhaitez obtenir un code d&rsquo;acc\u00e8s, <a href=\"mailto:hamoirjf@agme.be?subject=obtention%20d'un%20login%20pour%20le%20site%20web%20de%20l'AGME&amp;body=Veuillez%20entrer%20votre%20code%20inami%20:%20%0A\">cliquez ici<\/a> pour envoyer un mail en pr\u00e9cisant votre code inami dans le contenu du mail. Vous recevrez alors les informations n\u00e9cessaires par mail.<br><br>Si vous souhaitez des informations sur l&rsquo;AGME, <a href=\"mailto:info@agme.be?subject=Demande d'information&amp;body=Veuillez%20entrer%20votre%20code%20inami%20:%20%0A\">cliquez ici<\/a> pour envoyer un mail en pr\u00e9cisant votre code inami dans le contenu du mail. Vous recevrez alors les informations n\u00e9cessaires par mail.<\/p>\n","protected":false},"excerpt":{"rendered":"<p>L&rsquo;objectif principal de notre association \u00e9tait au d\u00e9part de regrouper les diff\u00e9rents r\u00f4les de garde des m\u00e9decins g\u00e9n\u00e9ralistes de la r\u00e9gion: Mouscron, Luingne, Dottignies, Herseaux et Estaimpuis. Depuis 2011, c&rsquo;est chose faite. Gr\u00e2ce \u00e0 ce site internet, les membres peuvent directement visualiser le r\u00f4le de garde, et ce en ligne. Ainsi, tous les m\u00e9decins de &hellip; <\/p>\n<p class=\"link-more\"><a href=\"https:\/\/www.agme.be\/\" class=\"more-link\">Continuer la lecture<span class=\"screen-reader-text\"> de &laquo;&nbsp;Accueil&nbsp;&raquo;<\/span><\/a><\/p>\n","protected":false},"author":1,"featured_media":0,"parent":0,"menu_order":0,"comment_status":"closed","ping_status":"closed","template":"","meta":{"footnotes":""},"class_list":["post-16","page","type-page","status-publish","hentry"],"_links":{"self":[{"href":"https:\/\/www.agme.be\/index.php\/wp-json\/wp\/v2\/pages\/16","targetHints":{"allow":["GET"]}}],"collection":[{"href":"https:\/\/www.agme.be\/index.php\/wp-json\/wp\/v2\/pages"}],"about":[{"href":"https:\/\/www.agme.be\/index.php\/wp-json\/wp\/v2\/types\/page"}],"author":[{"embeddable":true,"href":"https:\/\/www.agme.be\/index.php\/wp-json\/wp\/v2\/users\/1"}],"replies":[{"embeddable":true,"href":"https:\/\/www.agme.be\/index.php\/wp-json\/wp\/v2\/comments?post=16"}],"version-history":[{"count":2,"href":"https:\/\/www.agme.be\/index.php\/wp-json\/wp\/v2\/pages\/16\/revisions"}],"predecessor-version":[{"id":61,"href":"https:\/\/www.agme.be\/index.php\/wp-json\/wp\/v2\/pages\/16\/revisions\/61"}],"wp:attachment":[{"href":"https:\/\/www.agme.be\/index.php\/wp-json\/wp\/v2\/media?parent=16"}],"curies":[{"name":"wp","href":"https:\/\/api.w.org\/{rel}","templated":true}]}}