{"id":2,"date":"2020-02-14T15:25:50","date_gmt":"2020-02-14T14:25:50","guid":{"rendered":"http:\/\/k8s.hosteur.net\/cms\/?page_id=2"},"modified":"2026-01-06T17:56:48","modified_gmt":"2026-01-06T16:56:48","slug":"poste-de-garde","status":"publish","type":"page","link":"https:\/\/www.agme.be\/index.php\/poste-de-garde\/","title":{"rendered":"Le poste m\u00e9dical de garde de Mouscron"},"content":{"rendered":"\n<div class=\"wp-block-group\"><div class=\"wp-block-group__inner-container is-layout-flow wp-block-group-is-layout-flow\">\n<div class=\"wp-block-columns is-layout-flex wp-container-core-columns-is-layout-9d6595d7 wp-block-columns-is-layout-flex\">\n<div class=\"wp-block-column is-layout-flow wp-block-column-is-layout-flow\" style=\"flex-basis:100%\">\n<div class=\"wp-block-columns alignwide are-vertically-aligned-center is-layout-flex wp-container-core-columns-is-layout-9d6595d7 wp-block-columns-is-layout-flex\">\n<div class=\"wp-block-column is-layout-flow wp-block-column-is-layout-flow\" style=\"flex-basis:34%\">\n<figure class=\"wp-block-image\"><img loading=\"lazy\" decoding=\"async\" width=\"925\" height=\"633\" src=\"https:\/\/www.agme.be\/wp-content\/uploads\/2025\/12\/extrait-lavenir.jpg\" alt=\"\" class=\"wp-image-528\" srcset=\"https:\/\/www.agme.be\/wp-content\/uploads\/2025\/12\/extrait-lavenir.jpg 925w, https:\/\/www.agme.be\/wp-content\/uploads\/2025\/12\/extrait-lavenir-300x205.jpg 300w, https:\/\/www.agme.be\/wp-content\/uploads\/2025\/12\/extrait-lavenir-768x526.jpg 768w\" sizes=\"auto, (max-width: 767px) 89vw, (max-width: 1000px) 54vw, (max-width: 1071px) 543px, 580px\" \/><\/figure>\n<\/div>\n\n\n\n<div class=\"wp-block-column is-layout-flow wp-block-column-is-layout-flow\" style=\"flex-basis:66%\">\n<blockquote class=\"wp-block-quote has-text-align-left is-style-default is-layout-flow wp-block-quote-is-layout-flow\">\n<p><sub>Le poste m\u00e9dical de garde de m\u00e9decine g\u00e9n\u00e9rale de Mouscron, a \u00e9t\u00e9 inaugur\u00e9 le 3 mars 2012<\/sub><\/p>\n\n\n\n<p><\/p>\n\n\n\n<p><sub>Le poste de garde vous accueille de 8 h \u00e0 20 h les samedi, dimanche et jours f\u00e9ri\u00e9s.<\/sub><\/p>\n<\/blockquote>\n<\/div>\n<\/div>\n<\/div>\n<\/div>\n<\/div><\/div>\n\n\n\n<div class=\"wp-block-media-text alignwide is-stacked-on-mobile\" style=\"grid-template-columns:67% auto\"><figure class=\"wp-block-media-text__media\"><img loading=\"lazy\" decoding=\"async\" width=\"1024\" height=\"768\" src=\"https:\/\/www.agme.be\/wp-content\/uploads\/2025\/12\/PMG-2-new-1024x768.jpeg\" alt=\"\" class=\"wp-image-542 size-full\" srcset=\"https:\/\/www.agme.be\/wp-content\/uploads\/2025\/12\/PMG-2-new-1024x768.jpeg 1024w, https:\/\/www.agme.be\/wp-content\/uploads\/2025\/12\/PMG-2-new-300x225.jpeg 300w, https:\/\/www.agme.be\/wp-content\/uploads\/2025\/12\/PMG-2-new-768x576.jpeg 768w, https:\/\/www.agme.be\/wp-content\/uploads\/2025\/12\/PMG-2-new.jpeg 1200w\" sizes=\"auto, (max-width: 767px) 89vw, (max-width: 1000px) 54vw, (max-width: 1071px) 543px, 580px\" \/><\/figure><div class=\"wp-block-media-text__content\">\n<p class=\"has-text-align-left has-small-font-size\">L&rsquo;entr\u00e9e du poste de garde se situe actuellement imm\u00e9diatement \u00e0 DROITE de l&rsquo;entr\u00e9e du CHM de Mouscron (porte BLEUE) cfr fl\u00e8che jaune sur l&rsquo;image.<\/p>\n<\/div><\/div>\n\n\n\n<div class=\"wp-block-media-text alignwide is-stacked-on-mobile is-image-fill-element\" style=\"grid-template-columns:27% auto\"><figure class=\"wp-block-media-text__media\"><img loading=\"lazy\" decoding=\"async\" width=\"724\" height=\"1024\" src=\"https:\/\/www.agme.be\/wp-content\/uploads\/2025\/12\/1733-724x1024.jpg\" alt=\"\" class=\"wp-image-525 size-full\" style=\"object-position:50% 50%\" srcset=\"https:\/\/www.agme.be\/wp-content\/uploads\/2025\/12\/1733-724x1024.jpg 724w, https:\/\/www.agme.be\/wp-content\/uploads\/2025\/12\/1733-212x300.jpg 212w, https:\/\/www.agme.be\/wp-content\/uploads\/2025\/12\/1733-768x1086.jpg 768w, https:\/\/www.agme.be\/wp-content\/uploads\/2025\/12\/1733-1086x1536.jpg 1086w, https:\/\/www.agme.be\/wp-content\/uploads\/2025\/12\/1733.jpg 1191w\" sizes=\"auto, (max-width: 724px) 100vw, 724px\" \/><\/figure><div class=\"wp-block-media-text__content\">\n<blockquote class=\"wp-block-quote has-text-align-center is-style-default is-layout-flow wp-block-quote-is-layout-flow\">\n<p><sup>Depuis le 6 janvier 2014, le num\u00e9ro de t\u00e9l\u00e9phone \u00e0 utiliser pour les appels de nuit et pour les demandes de visites \u00e0 domicile durant les heures de garde est le:<\/sup><\/p>\n\n\n\n<p><strong>1733<\/strong> <\/p>\n<\/blockquote>\n<\/div><\/div>\n\n\n\n<p><\/p>\n","protected":false},"excerpt":{"rendered":"<p>Le poste m\u00e9dical de garde de m\u00e9decine g\u00e9n\u00e9rale de Mouscron, a \u00e9t\u00e9 inaugur\u00e9 le 3 mars 2012 Le poste de garde vous accueille de 8 h \u00e0 20 h les samedi, dimanche et jours f\u00e9ri\u00e9s. L&rsquo;entr\u00e9e du poste de garde se situe actuellement imm\u00e9diatement \u00e0 DROITE de l&rsquo;entr\u00e9e du CHM de Mouscron (porte BLEUE) cfr &hellip; <\/p>\n<p class=\"link-more\"><a href=\"https:\/\/www.agme.be\/index.php\/poste-de-garde\/\" class=\"more-link\">Continuer la lecture<span class=\"screen-reader-text\"> de &laquo;&nbsp;Le poste m\u00e9dical de garde de Mouscron&nbsp;&raquo;<\/span><\/a><\/p>\n","protected":false},"author":1,"featured_media":0,"parent":0,"menu_order":0,"comment_status":"closed","ping_status":"open","template":"","meta":{"footnotes":""},"class_list":["post-2","page","type-page","status-publish","hentry"],"_links":{"self":[{"href":"https:\/\/www.agme.be\/index.php\/wp-json\/wp\/v2\/pages\/2","targetHints":{"allow":["GET"]}}],"collection":[{"href":"https:\/\/www.agme.be\/index.php\/wp-json\/wp\/v2\/pages"}],"about":[{"href":"https:\/\/www.agme.be\/index.php\/wp-json\/wp\/v2\/types\/page"}],"author":[{"embeddable":true,"href":"https:\/\/www.agme.be\/index.php\/wp-json\/wp\/v2\/users\/1"}],"replies":[{"embeddable":true,"href":"https:\/\/www.agme.be\/index.php\/wp-json\/wp\/v2\/comments?post=2"}],"version-history":[{"count":19,"href":"https:\/\/www.agme.be\/index.php\/wp-json\/wp\/v2\/pages\/2\/revisions"}],"predecessor-version":[{"id":560,"href":"https:\/\/www.agme.be\/index.php\/wp-json\/wp\/v2\/pages\/2\/revisions\/560"}],"wp:attachment":[{"href":"https:\/\/www.agme.be\/index.php\/wp-json\/wp\/v2\/media?parent=2"}],"curies":[{"name":"wp","href":"https:\/\/api.w.org\/{rel}","templated":true}]}}